{"id":316,"date":"2020-03-27T12:59:14","date_gmt":"2020-03-27T12:59:14","guid":{"rendered":"https:\/\/demosites.io\/energy-panels-gb\/?page_id=316"},"modified":"2025-01-24T09:20:12","modified_gmt":"2025-01-24T08:20:12","slug":"0dc9b-homepage","status":"publish","type":"page","link":"https:\/\/zde.wfosigw.zgora.pl\/index.php\/0dc9b-homepage\/","title":{"rendered":"Strona G\u0142\u00f3wna PDE"},"content":{"rendered":"\n<div id=\"wp-block-themeisle-blocks-advanced-columns-3f146ee5\" class=\"wp-block-themeisle-blocks-advanced-columns alignfull has-1-columns has-desktop-equal-layout has-tablet-equal-layout has-mobile-equal-layout has-vertical-unset\"><div class=\"wp-block-themeisle-blocks-advanced-columns-overlay\"><\/div><div class=\"innerblocks-wrap\">\n<div id=\"wp-block-themeisle-blocks-advanced-column-820e6642\" class=\"wp-block-themeisle-blocks-advanced-column\"><\/div>\n<\/div><\/div>\n\n\n<div class=\"wp-block-image\">\n<figure class=\"aligncenter size-large is-resized\"><img loading=\"lazy\" decoding=\"async\" width=\"1024\" height=\"102\" src=\"https:\/\/zde.wfosigw.zgora.pl\/wp-content\/uploads\/2025\/01\/image-1024x102.png\" alt=\"\" class=\"wp-image-570\" style=\"width:1170px;height:auto\" srcset=\"https:\/\/zde.wfosigw.zgora.pl\/wp-content\/uploads\/2025\/01\/image-1024x102.png 1024w, https:\/\/zde.wfosigw.zgora.pl\/wp-content\/uploads\/2025\/01\/image-300x30.png 300w, https:\/\/zde.wfosigw.zgora.pl\/wp-content\/uploads\/2025\/01\/image-768x77.png 768w, https:\/\/zde.wfosigw.zgora.pl\/wp-content\/uploads\/2025\/01\/image-1536x154.png 1536w, https:\/\/zde.wfosigw.zgora.pl\/wp-content\/uploads\/2025\/01\/image.png 1600w\" sizes=\"auto, (max-width: 1024px) 100vw, 1024px\" \/><\/figure>\n<\/div>\n\n\n<div id=\"wp-block-themeisle-blocks-advanced-columns-b413d8dc\" class=\"wp-block-themeisle-blocks-advanced-columns alignfull has-2-columns has-desktop-equal-layout has-tablet-equal-layout has-mobile-collapsedRows-layout has-vertical-unset has-light-bg\"><div class=\"wp-block-themeisle-blocks-advanced-columns-overlay\"><\/div><div class=\"innerblocks-wrap\">\n<div id=\"wp-block-themeisle-blocks-advanced-column-64136abe\" class=\"wp-block-themeisle-blocks-advanced-column\">\n<div style=\"height:250px\" aria-hidden=\"true\" class=\"wp-block-spacer\"><\/div>\n<\/div>\n\n\n\n<div id=\"wp-block-themeisle-blocks-advanced-column-28c3d287\" class=\"wp-block-themeisle-blocks-advanced-column\">\n<span id=\"wp-block-themeisle-blocks-advanced-heading-a02f8e43\" class=\"wp-block-themeisle-blocks-advanced-heading wp-block-themeisle-blocks-advanced-heading-a02f8e43\"> <strong>O projekcie<\/strong><\/span>\n\n\n\n<h2 id=\"wp-block-themeisle-blocks-advanced-heading-e0cd839c\" class=\"wp-block-themeisle-blocks-advanced-heading wp-block-themeisle-blocks-advanced-heading-e0cd839c\"><strong>Informacje o systemie<\/strong><\/h2>\n\n\n\n<p>Projekt Doradztwa Energetycznego realizowany jest przez Narodowy Fundusz Ochrony \u015arodowiska i Gospodarki Wodnej we wsp\u00f3\u0142pracy z 16 Partnerami (wojew\u00f3dzkimi funduszami ochrony \u015brodowiska i gospodarki wodnej).<\/p>\n\n\n\n<p><a href=\"https:\/\/zde.wfosigw.zgora.pl\/index.php\/kontakt\/\">W ka\u017cdym funduszu funkcjonuje Zesp\u00f3\u0142 Doradc\u00f3w Energetycznych.<\/a><\/p>\n\n\n\n<div id=\"wp-block-themeisle-blocks-progress-bar-5c5f742c\" class=\"wp-block-themeisle-blocks-progress-bar\" data-percent=\"50\" data-duration=\"2\"><div class=\"wp-block-themeisle-blocks-progress-bar__area\"><div class=\"wp-block-themeisle-blocks-progress-bar__area__title\"><span><\/span><\/div><div class=\"wp-block-themeisle-blocks-progress-bar__area__bar\"><\/div><div class=\"wp-block-themeisle-blocks-progress-bar__progress wp-block-themeisle-blocks-progress-bar__number\">50%<\/div><\/div><\/div>\n\n\n\n<div id=\"wp-block-themeisle-blocks-progress-bar-dd42aa94\" class=\"wp-block-themeisle-blocks-progress-bar\" data-percent=\"87\" data-duration=\"2\"><div class=\"wp-block-themeisle-blocks-progress-bar__area\"><div class=\"wp-block-themeisle-blocks-progress-bar__area__title\"><span><\/span><\/div><div class=\"wp-block-themeisle-blocks-progress-bar__area__bar\"><\/div><div class=\"wp-block-themeisle-blocks-progress-bar__progress wp-block-themeisle-blocks-progress-bar__number\">87%<\/div><\/div><\/div>\n\n\n\n<div id=\"wp-block-themeisle-blocks-progress-bar-59b4003b\" class=\"wp-block-themeisle-blocks-progress-bar\" data-percent=\"13\" data-duration=\"2\"><div class=\"wp-block-themeisle-blocks-progress-bar__area\"><div class=\"wp-block-themeisle-blocks-progress-bar__area__title\"><span><\/span><\/div><div class=\"wp-block-themeisle-blocks-progress-bar__area__bar\"><\/div><div class=\"wp-block-themeisle-blocks-progress-bar__progress wp-block-themeisle-blocks-progress-bar__number\">13%<\/div><\/div><\/div>\n\n\n\n<div class=\"wp-block-buttons is-layout-flex wp-block-buttons-is-layout-flex\">\n<div class=\"wp-block-button is-style-primary\"><a class=\"wp-block-button__link wp-element-button\" href=\"https:\/\/zde.wfosigw.zgora.pl\/index.php\/informacja-o-systemie\/\">Czytaj wi\u0119cej<\/a><\/div>\n<\/div>\n<\/div>\n<\/div><\/div>\n\n\n\n<div id=\"wp-block-themeisle-blocks-advanced-columns-555b9577\" class=\"wp-block-themeisle-blocks-advanced-columns alignfull has-2-columns has-desktop-equal-layout has-tablet-equal-layout has-mobile-collapsedRows-layout has-vertical-unset has-light-bg\"><div class=\"wp-block-themeisle-blocks-advanced-columns-overlay\"><\/div><div class=\"innerblocks-wrap\">\n<div id=\"wp-block-themeisle-blocks-advanced-column-0435771e\" class=\"wp-block-themeisle-blocks-advanced-column has-light-bg\">\n<h3 id=\"wp-block-themeisle-blocks-advanced-heading-846edd0a\" class=\"wp-block-themeisle-blocks-advanced-heading wp-block-themeisle-blocks-advanced-heading-846edd0a\"><strong>Cele projektu<\/strong><\/h3>\n\n\n\n<p class=\"has-neve-text-color-color has-text-color\">Cel g\u0142\u00f3wny Projektu wpisuje si\u0119 w wizj\u0119 bardziej przyjaznej dla \u015brodowiska, niskoemisyjnej i przechodz\u0105cej w kierunku gospodarki zeroemisyjnej oraz odpornej Europy dzi\u0119ki promowaniu czystej i sprawiedliwej transformacji energetycznej, zielonych i niebieskich inwestycji, gospodarki o obiegu zamkni\u0119tym, \u0142agodzenia zmian klimatu i przystosowania si\u0119 do nich, zapobiegania ryzyku i zarz\u0105dzania ryzykiem, oraz zr\u00f3wnowa\u017conej mobilno\u015bci.<\/p>\n\n\n\n<div class=\"wp-block-buttons is-layout-flex wp-block-buttons-is-layout-flex\">\n<div class=\"wp-block-button is-style-primary\"><a class=\"wp-block-button__link wp-element-button\" href=\"https:\/\/zde.wfosigw.zgora.pl\/index.php\/informacja-o-systemie\/\">Czytaj wi\u0119cej<\/a><\/div>\n<\/div>\n<\/div>\n\n\n\n<div id=\"wp-block-themeisle-blocks-advanced-column-e500d32c\" class=\"wp-block-themeisle-blocks-advanced-column\">\n<div style=\"height:250px\" aria-hidden=\"true\" class=\"wp-block-spacer\"><\/div>\n<\/div>\n<\/div><\/div>\n\n\n\n<p><\/p>\n","protected":false},"excerpt":{"rendered":"","protected":false},"author":3,"featured_media":0,"parent":0,"menu_order":0,"comment_status":"closed","ping_status":"closed","template":"page-templates\/template-pagebuilder-full-width.php","meta":{"neve_meta_sidebar":"full-width","neve_meta_container":"default","neve_meta_enable_content_width":"on","neve_meta_content_width":100,"neve_meta_title_alignment":"","neve_meta_author_avatar":"","neve_post_elements_order":"","neve_meta_disable_header":"","neve_meta_disable_footer":"","neve_meta_disable_title":"","_themeisle_gutenberg_block_has_review":false,"footnotes":""},"class_list":["post-316","page","type-page","status-publish","hentry"],"_links":{"self":[{"href":"https:\/\/zde.wfosigw.zgora.pl\/index.php\/wp-json\/wp\/v2\/pages\/316","targetHints":{"allow":["GET"]}}],"collection":[{"href":"https:\/\/zde.wfosigw.zgora.pl\/index.php\/wp-json\/wp\/v2\/pages"}],"about":[{"href":"https:\/\/zde.wfosigw.zgora.pl\/index.php\/wp-json\/wp\/v2\/types\/page"}],"author":[{"embeddable":true,"href":"https:\/\/zde.wfosigw.zgora.pl\/index.php\/wp-json\/wp\/v2\/users\/3"}],"replies":[{"embeddable":true,"href":"https:\/\/zde.wfosigw.zgora.pl\/index.php\/wp-json\/wp\/v2\/comments?post=316"}],"version-history":[{"count":10,"href":"https:\/\/zde.wfosigw.zgora.pl\/index.php\/wp-json\/wp\/v2\/pages\/316\/revisions"}],"predecessor-version":[{"id":618,"href":"https:\/\/zde.wfosigw.zgora.pl\/index.php\/wp-json\/wp\/v2\/pages\/316\/revisions\/618"}],"wp:attachment":[{"href":"https:\/\/zde.wfosigw.zgora.pl\/index.php\/wp-json\/wp\/v2\/media?parent=316"}],"curies":[{"name":"wp","href":"https:\/\/api.w.org\/{rel}","templated":true}]}}