{"id":507,"date":"2025-01-23T20:54:08","date_gmt":"2025-01-23T19:54:08","guid":{"rendered":"https:\/\/zde.wfosigw.zgora.pl\/?page_id=507"},"modified":"2025-01-23T23:33:49","modified_gmt":"2025-01-23T22:33:49","slug":"informacja-o-systemie","status":"publish","type":"page","link":"https:\/\/zde.wfosigw.zgora.pl\/index.php\/informacja-o-systemie\/","title":{"rendered":"Informacja o Systemie"},"content":{"rendered":"\n<figure class=\"wp-block-image size-large\"><img loading=\"lazy\" decoding=\"async\" width=\"1024\" height=\"102\" src=\"https:\/\/zde.wfosigw.zgora.pl\/wp-content\/uploads\/2025\/01\/ZDE_stopka_nowa-1024x102.png\" alt=\"\" class=\"wp-image-493\" srcset=\"https:\/\/zde.wfosigw.zgora.pl\/wp-content\/uploads\/2025\/01\/ZDE_stopka_nowa-1024x102.png 1024w, https:\/\/zde.wfosigw.zgora.pl\/wp-content\/uploads\/2025\/01\/ZDE_stopka_nowa-300x30.png 300w, https:\/\/zde.wfosigw.zgora.pl\/wp-content\/uploads\/2025\/01\/ZDE_stopka_nowa-768x76.png 768w, https:\/\/zde.wfosigw.zgora.pl\/wp-content\/uploads\/2025\/01\/ZDE_stopka_nowa-1536x153.png 1536w, https:\/\/zde.wfosigw.zgora.pl\/wp-content\/uploads\/2025\/01\/ZDE_stopka_nowa.png 1712w\" sizes=\"auto, (max-width: 1024px) 100vw, 1024px\" \/><\/figure>\n\n\n\n<p><\/p>\n\n\n\n<p>Projekt Doradztwa Energetycznego realizowany jest przez Narodowy Fundusz Ochrony \u015arodowiska i Gospodarki Wodnej we wsp\u00f3\u0142pracy z 16 Partnerami (wojew\u00f3dzkimi funduszami ochrony \u015brodowiska i gospodarki wodnej).<\/p>\n\n\n\n<p>W ka\u017cdym funduszu funkcjonuje Zesp\u00f3\u0142 Doradc\u00f3w Energetycznych.<\/p>\n\n\n\n<p>G\u0142\u00f3wnymi zadaniami Projektu jest: doradztwo, promocja i podnoszenie \u015bwiadomo\u015bci oraz wiedzy mieszka\u0144c\u00f3w, przedsi\u0119biorc\u00f3w i w\u0142adz lokalnych m.in. w zakresie dzia\u0142a\u0144 na rzecz niskoemisyjnej gospodarki o obiegu zamkni\u0119tym, efektywno\u015bci energetycznej i wykorzystania OZE.<\/p>\n\n\n\n<p>Zadania Doradc\u00f3w Energetycznych realizuj\u0105cych Projekt, to m.in.:<\/p>\n\n\n\n<ol class=\"wp-block-list\">\n<li>Dzia\u0142ania edukacyjne.<\/li>\n\n\n\n<li>Dzia\u0142ania informacyjno-promocyjne.<\/li>\n\n\n\n<li>Dzia\u0142ania szkoleniowe.<\/li>\n\n\n\n<li>Us\u0142ugi doradcze w zakresie inwestycji.<\/li>\n\n\n\n<li>Us\u0142ugi doradcze dot. dost\u0119pnych \u017ar\u00f3de\u0142 finansowania inwestycji.<\/li>\n<\/ol>\n\n\n\n<p><strong>Grupa docelowa Projektu:<\/strong><\/p>\n\n\n\n<p>Jednostki samorz\u0105du terytorialnego, sektora mieszkaniowego, przedsi\u0119biorstwa oraz osoby fizyczne, w tym dzieci i m\u0142odzie\u017c.<\/p>\n\n\n\n<p><strong>Cel szczeg\u00f3\u0142owy<\/strong><\/p>\n\n\n\n<p>Wspieranie efektywno\u015bci energetycznej i redukcji emisji gaz\u00f3w cieplarnianych.<\/p>\n\n\n\n<p><strong>Cele<\/strong><\/p>\n\n\n\n<p>Cel g\u0142\u00f3wny Projektu wpisuje si\u0119 w wizj\u0119 bardziej przyjaznej dla \u015brodowiska, niskoemisyjnej i przechodz\u0105cej w kierunku gospodarki zeroemisyjnej oraz odpornej Europy dzi\u0119ki promowaniu czystej i sprawiedliwej transformacji energetycznej, zielonych i niebieskich inwestycji, gospodarki o obiegu zamkni\u0119tym, \u0142agodzenia zmian klimatu i przystosowania si\u0119 do nich, zapobiegania ryzyku i zarz\u0105dzania ryzykiem, oraz zr\u00f3wnowa\u017conej mobilno\u015bci.<\/p>\n\n\n\n<p>Cz\u0142owiek \u2013 edukacja i podnoszenie \u015bwiadomo\u015bci spo\u0142ecznej.<\/p>\n\n\n\n<p>\u015arodowisko \u2013 wspieranie dzia\u0142a\u0144 i promowanie rozwi\u0105za\u0144 zwi\u0105zanych szeroko poj\u0119t\u0105 ochron\u0105 \u015brodowiska.<\/p>\n\n\n\n<p>Klimat \u2013 promowanie przystosowania do zmian klimatu i zapobiegania ryzyku zwi\u0105zanemu z kl\u0119skami \u017cywio\u0142owymi, a tak\u017ce odporno\u015bci, z uwzgl\u0119dnieniem rozwi\u0105za\u0144 ekosystemowych.<\/p>\n\n\n\n<p>Gospodarka niskoemisyjna \u2013 wsparcie inwestycji i promowanie dzia\u0142a\u0144 w obszarach gospodarki obiegu zamkni\u0119tego, odnawialnych \u017ar\u00f3de\u0142 energii, elektromobilno\u015bci. Wsparcie gmin w d\u0105\u017ceniu do zapewnienia bezpiecze\u0144stwa energetycznego oraz lokalnych inicjatyw, takich jak klastry i sp\u00f3\u0142dzielnie energetyczne.<\/p>\n\n\n\n<p>Inwestycje \u2013 wsparcie rozwoju energetyki rozproszonej, wsparcie w przygotowaniu i wdra\u017caniu inwestycji proekologicznych m.in. w zakresie efektywno\u015bci energetycznej (EE) i OZE oraz poprawy jako\u015bci powietrza.<\/p>\n\n\n\n<p>Technologie &#8211; promowanie najlepszych dost\u0119pnych, w tym innowacyjnych technologii.<\/p>\n\n\n\n<p><strong>Efekty i rezultaty Projektu<\/strong><\/p>\n\n\n\n<p>W ramach zada\u0144 Doradc\u00f3w Energetycznych zostan\u0105 zrealizowane min.:<\/p>\n\n\n\n<ul class=\"wp-block-list\">\n<li>34 kampanie edukacyjne oraz informacyjne,<\/li>\n\n\n\n<li>192 audycje radiowe\/TV,<\/li>\n\n\n\n<li>192 publikacje w ramach promocji, informacji i edukacji,<\/li>\n\n\n\n<li>192 konferencje tematyczne dla odbiorc\u00f3w Projektu,<\/li>\n\n\n\n<li>384 dzia\u0142ania edukacyjno-szkoleniowych w formie warsztat\u00f3w, webinari\u00f3w, itp.,<\/li>\n\n\n\n<li>256 dzia\u0142ania doradcze w imprezach masowych,<\/li>\n\n\n\n<li>137&nbsp;800 konsultacje i porady,<\/li>\n\n\n\n<li>2&nbsp;500 inwestycji obj\u0119tych wsparciem doradczym.<\/li>\n<\/ul>\n\n\n\n<p>Warto\u015b\u0107 dofinansowania: 172 mln. z\u0142<\/p>\n\n\n\n<p>Projekt w 100% finansowany jest ze \u015brodk\u00f3w FEnIKS 2021-2027<\/p>\n\n\n\n<p>Og\u00f3lnopolski Projekt Doradztwa Energetycznego jest Operacj\u0105 o znaczeniu strategicznym, kt\u00f3ra wnosi znacz\u0105cy wk\u0142ad w osi\u0105ganie cel\u00f3w programu FEnIKS i podlega szczeg\u00f3lnym \u015brodkom dotycz\u0105cym monitorowania i komunikacji<\/p>\n\n\n\n<p><a href=\"https:\/\/www.facebook.com\/hashtag\/mki%C5%9B?__eep__=6&amp;__cft__%5b0%5d=AZX_mGXzI29o87ENpYKLJsrGfFyFHsxi-Ptw5eJP3GOlcoh-I37x389j69vs-s7mB9rx32diqYE2WA3u8jGwf1eDoutQ2Ms8X_D2xD42OSlhGi94Gr-5985EMG8cYDnb3GK1Zt8O6E5vNir8cMQ3WFxFtA7Lz3gN6m8gUDyMmC7C-4BI4j3OuFS9U1PFl4DVJHw&amp;__tn__=*NK-R\">#MKi\u015a<\/a> <a href=\"https:\/\/www.facebook.com\/hashtag\/mfipr?__eep__=6&amp;__cft__%5b0%5d=AZX_mGXzI29o87ENpYKLJsrGfFyFHsxi-Ptw5eJP3GOlcoh-I37x389j69vs-s7mB9rx32diqYE2WA3u8jGwf1eDoutQ2Ms8X_D2xD42OSlhGi94Gr-5985EMG8cYDnb3GK1Zt8O6E5vNir8cMQ3WFxFtA7Lz3gN6m8gUDyMmC7C-4BI4j3OuFS9U1PFl4DVJHw&amp;__tn__=*NK-R\">#MFiPR<\/a> <a href=\"https:\/\/www.facebook.com\/hashtag\/nfo%C5%9Bigw?__eep__=6&amp;__cft__%5b0%5d=AZX_mGXzI29o87ENpYKLJsrGfFyFHsxi-Ptw5eJP3GOlcoh-I37x389j69vs-s7mB9rx32diqYE2WA3u8jGwf1eDoutQ2Ms8X_D2xD42OSlhGi94Gr-5985EMG8cYDnb3GK1Zt8O6E5vNir8cMQ3WFxFtA7Lz3gN6m8gUDyMmC7C-4BI4j3OuFS9U1PFl4DVJHw&amp;__tn__=*NK-R\">#NFO\u015aiGW<\/a> <a href=\"https:\/\/www.facebook.com\/hashtag\/wfo%C5%9Bigw?__eep__=6&amp;__cft__%5b0%5d=AZX_mGXzI29o87ENpYKLJsrGfFyFHsxi-Ptw5eJP3GOlcoh-I37x389j69vs-s7mB9rx32diqYE2WA3u8jGwf1eDoutQ2Ms8X_D2xD42OSlhGi94Gr-5985EMG8cYDnb3GK1Zt8O6E5vNir8cMQ3WFxFtA7Lz3gN6m8gUDyMmC7C-4BI4j3OuFS9U1PFl4DVJHw&amp;__tn__=*NK-R\">#WFO\u015aiGW<\/a> <a href=\"https:\/\/www.facebook.com\/hashtag\/komisjaeuropejska?__eep__=6&amp;__cft__%5b0%5d=AZX_mGXzI29o87ENpYKLJsrGfFyFHsxi-Ptw5eJP3GOlcoh-I37x389j69vs-s7mB9rx32diqYE2WA3u8jGwf1eDoutQ2Ms8X_D2xD42OSlhGi94Gr-5985EMG8cYDnb3GK1Zt8O6E5vNir8cMQ3WFxFtA7Lz3gN6m8gUDyMmC7C-4BI4j3OuFS9U1PFl4DVJHw&amp;__tn__=*NK-R\">#KomisjaEuropejska<\/a> <a href=\"https:\/\/www.facebook.com\/hashtag\/ke?__eep__=6&amp;__cft__%5b0%5d=AZX_mGXzI29o87ENpYKLJsrGfFyFHsxi-Ptw5eJP3GOlcoh-I37x389j69vs-s7mB9rx32diqYE2WA3u8jGwf1eDoutQ2Ms8X_D2xD42OSlhGi94Gr-5985EMG8cYDnb3GK1Zt8O6E5vNir8cMQ3WFxFtA7Lz3gN6m8gUDyMmC7C-4BI4j3OuFS9U1PFl4DVJHw&amp;__tn__=*NK-R\">#KE<\/a> <a href=\"https:\/\/www.facebook.com\/hashtag\/funduszeeuropejskie?__eep__=6&amp;__cft__%5b0%5d=AZX_mGXzI29o87ENpYKLJsrGfFyFHsxi-Ptw5eJP3GOlcoh-I37x389j69vs-s7mB9rx32diqYE2WA3u8jGwf1eDoutQ2Ms8X_D2xD42OSlhGi94Gr-5985EMG8cYDnb3GK1Zt8O6E5vNir8cMQ3WFxFtA7Lz3gN6m8gUDyMmC7C-4BI4j3OuFS9U1PFl4DVJHw&amp;__tn__=*NK-R\">#FunduszeEuropejskie<\/a> <a href=\"https:\/\/www.facebook.com\/hashtag\/funduszeeu?__eep__=6&amp;__cft__%5b0%5d=AZX_mGXzI29o87ENpYKLJsrGfFyFHsxi-Ptw5eJP3GOlcoh-I37x389j69vs-s7mB9rx32diqYE2WA3u8jGwf1eDoutQ2Ms8X_D2xD42OSlhGi94Gr-5985EMG8cYDnb3GK1Zt8O6E5vNir8cMQ3WFxFtA7Lz3gN6m8gUDyMmC7C-4BI4j3OuFS9U1PFl4DVJHw&amp;__tn__=*NK-R\">#FunduszeEU<\/a> <a href=\"https:\/\/www.facebook.com\/hashtag\/autopromocja?__eep__=6&amp;__cft__%5b0%5d=AZX_mGXzI29o87ENpYKLJsrGfFyFHsxi-Ptw5eJP3GOlcoh-I37x389j69vs-s7mB9rx32diqYE2WA3u8jGwf1eDoutQ2Ms8X_D2xD42OSlhGi94Gr-5985EMG8cYDnb3GK1Zt8O6E5vNir8cMQ3WFxFtA7Lz3gN6m8gUDyMmC7C-4BI4j3OuFS9U1PFl4DVJHw&amp;__tn__=*NK-R\">#Autopromocja<\/a> <a href=\"https:\/\/www.facebook.com\/hashtag\/euregiopoland?__eep__=6&amp;__cft__%5b0%5d=AZX_mGXzI29o87ENpYKLJsrGfFyFHsxi-Ptw5eJP3GOlcoh-I37x389j69vs-s7mB9rx32diqYE2WA3u8jGwf1eDoutQ2Ms8X_D2xD42OSlhGi94Gr-5985EMG8cYDnb3GK1Zt8O6E5vNir8cMQ3WFxFtA7Lz3gN6m8gUDyMmC7C-4BI4j3OuFS9U1PFl4DVJHw&amp;__tn__=*NK-R\">#EUREGIOPoland<\/a> <a href=\"https:\/\/www.facebook.com\/hashtag\/projektdoradztwaenergetycznego?__eep__=6&amp;__cft__%5b0%5d=AZX_mGXzI29o87ENpYKLJsrGfFyFHsxi-Ptw5eJP3GOlcoh-I37x389j69vs-s7mB9rx32diqYE2WA3u8jGwf1eDoutQ2Ms8X_D2xD42OSlhGi94Gr-5985EMG8cYDnb3GK1Zt8O6E5vNir8cMQ3WFxFtA7Lz3gN6m8gUDyMmC7C-4BI4j3OuFS9U1PFl4DVJHw&amp;__tn__=*NK-R\">#ProjektDoradztwaEnergetycznego<\/a> <a href=\"https:\/\/www.facebook.com\/hashtag\/pde?__eep__=6&amp;__cft__%5b0%5d=AZX_mGXzI29o87ENpYKLJsrGfFyFHsxi-Ptw5eJP3GOlcoh-I37x389j69vs-s7mB9rx32diqYE2WA3u8jGwf1eDoutQ2Ms8X_D2xD42OSlhGi94Gr-5985EMG8cYDnb3GK1Zt8O6E5vNir8cMQ3WFxFtA7Lz3gN6m8gUDyMmC7C-4BI4j3OuFS9U1PFl4DVJHw&amp;__tn__=*NK-R\">#PDE<\/a><\/p>\n\n\n\n<p>Projekt Doradztwa Energetycznego realizowany jest od 2016 roku, pierwotnie pod nazw\u0105 \u201eOg\u00f3lnopolski system wsparcia doradczego dla sektora publicznego, mieszkaniowego oraz przedsi\u0119biorstw w zakresie efektywno\u015bci energetycznej oraz OZE\u201d. Projekt finansowany by\u0142 ze \u015brodk\u00f3w POIi\u015a 2014-2020 i realizowany przez Narodowy Fundusz wraz z 16 Partnerami (15 wojew\u00f3dzkich funduszy ochrony \u015brodowiska i gospodarki wodnej i Urz\u0105d Marsza\u0142kowski w Lublinie).<\/p>\n\n\n\n<p>Pierwsza edycja Projektu zosta\u0142a zako\u0144czona 31.12.2023 r..<\/p>\n\n\n\n<p>Projekt w 100% finansowany jest ze \u015brodk\u00f3w&nbsp;<strong>FEnIKS 2021-2027<\/strong>&nbsp;i kontynuuje dzia\u0142ania rozpocz\u0119te w 2016 roku, d\u0105\u017c\u0105c do budowy bardziej ekologicznej i zr\u00f3wnowa\u017conej przysz\u0142o\u015bci.<\/p>\n\n\n\n<p>#FunduszeUE #FunduszeEuropejskie #OZE #Efektywno\u015b\u0107Energetyczna #DoradztwoEnergetyczne<\/p>\n\n\n\n<p><\/p>\n","protected":false},"excerpt":{"rendered":"<p>Projekt Doradztwa Energetycznego realizowany jest przez Narodowy Fundusz Ochrony \u015arodowiska i Gospodarki Wodnej we wsp\u00f3\u0142pracy z 16 Partnerami (wojew\u00f3dzkimi funduszami ochrony \u015brodowiska i gospodarki wodnej). W ka\u017cdym funduszu funkcjonuje Zesp\u00f3\u0142 Doradc\u00f3w Energetycznych. G\u0142\u00f3wnymi zadaniami Projektu jest: doradztwo, promocja i podnoszenie \u015bwiadomo\u015bci oraz wiedzy mieszka\u0144c\u00f3w, przedsi\u0119biorc\u00f3w i w\u0142adz lokalnych m.in. w zakresie dzia\u0142a\u0144 na rzecz niskoemisyjnej&hellip;&nbsp;<a href=\"https:\/\/zde.wfosigw.zgora.pl\/index.php\/informacja-o-systemie\/\" rel=\"bookmark\">Dowiedz si\u0119 wi\u0119cej &raquo;<span class=\"screen-reader-text\">Informacja o Systemie<\/span><\/a><\/p>\n","protected":false},"author":3,"featured_media":0,"parent":0,"menu_order":0,"comment_status":"closed","ping_status":"closed","template":"","meta":{"neve_meta_sidebar":"","neve_meta_container":"default","neve_meta_enable_content_width":"off","neve_meta_content_width":70,"neve_meta_title_alignment":"","neve_meta_author_avatar":"","neve_post_elements_order":"","neve_meta_disable_header":"off","neve_meta_disable_footer":"off","neve_meta_disable_title":"off","_themeisle_gutenberg_block_has_review":false,"footnotes":""},"class_list":["post-507","page","type-page","status-publish","hentry"],"_links":{"self":[{"href":"https:\/\/zde.wfosigw.zgora.pl\/index.php\/wp-json\/wp\/v2\/pages\/507","targetHints":{"allow":["GET"]}}],"collection":[{"href":"https:\/\/zde.wfosigw.zgora.pl\/index.php\/wp-json\/wp\/v2\/pages"}],"about":[{"href":"https:\/\/zde.wfosigw.zgora.pl\/index.php\/wp-json\/wp\/v2\/types\/page"}],"author":[{"embeddable":true,"href":"https:\/\/zde.wfosigw.zgora.pl\/index.php\/wp-json\/wp\/v2\/users\/3"}],"replies":[{"embeddable":true,"href":"https:\/\/zde.wfosigw.zgora.pl\/index.php\/wp-json\/wp\/v2\/comments?post=507"}],"version-history":[{"count":2,"href":"https:\/\/zde.wfosigw.zgora.pl\/index.php\/wp-json\/wp\/v2\/pages\/507\/revisions"}],"predecessor-version":[{"id":547,"href":"https:\/\/zde.wfosigw.zgora.pl\/index.php\/wp-json\/wp\/v2\/pages\/507\/revisions\/547"}],"wp:attachment":[{"href":"https:\/\/zde.wfosigw.zgora.pl\/index.php\/wp-json\/wp\/v2\/media?parent=507"}],"curies":[{"name":"wp","href":"https:\/\/api.w.org\/{rel}","templated":true}]}}