{"id":824,"date":"2025-05-21T10:22:56","date_gmt":"2025-05-21T09:22:56","guid":{"rendered":"https:\/\/zde.wfosigw.zgora.pl\/?page_id=824"},"modified":"2025-06-05T13:21:37","modified_gmt":"2025-06-05T12:21:37","slug":"szkolenia","status":"publish","type":"page","link":"https:\/\/zde.wfosigw.zgora.pl\/index.php\/szkolenia\/","title":{"rendered":"Szkolenia"},"content":{"rendered":"\n<p><\/p>\n\n\n\n<p><strong>Rejestracja na szkolenie pn.: <strong>\u201eFinansowanie inwestycji w zakresie efektywno\u015bci energetycznej i oze \u2013 Program NaszEauto\u201d.<\/strong><\/strong><\/p>\n\n\n\n<p><strong><strong>Termin szkolenia: 12.06.2025 godzina 10:00.<\/strong><\/strong><\/p>\n\n\n<div class=\"wpforms-container wpforms-container-full wpforms-block wpforms-block-99d26ae5-ca47-42b5-8c02-6f6ae80bfa03 wpforms-render-modern\" id=\"wpforms-805\"><form id=\"wpforms-form-805\" class=\"wpforms-validate wpforms-form wpforms-ajax-form\" data-formid=\"805\" method=\"post\" enctype=\"multipart\/form-data\" action=\"\/index.php\/wp-json\/wp\/v2\/pages\/824\" data-token=\"0cde8471b3e2b9150718921628b7a6d6\" data-token-time=\"1776713486\"><noscript class=\"wpforms-error-noscript\">Aby wype\u0142ni\u0107 ten formularz, w\u0142\u0105cz obs\u0142ug\u0119 JavaScript w przegl\u0105darce.<\/noscript><div id=\"wpforms-error-noscript\" style=\"display: none;\">Aby wype\u0142ni\u0107 ten formularz, w\u0142\u0105cz obs\u0142ug\u0119 JavaScript w przegl\u0105darce.<\/div><div class=\"wpforms-field-container\"><div id=\"wpforms-805-field_3-container\" class=\"wpforms-field wpforms-field-name\" data-field-id=\"3\"><fieldset><legend class=\"wpforms-field-label\">Imi\u0119 i nazwisko <span class=\"wpforms-required-label\" aria-hidden=\"true\">*<\/span><\/legend><div class=\"wpforms-field-row wpforms-field-medium\"><div class=\"wpforms-field-row-block wpforms-first wpforms-one-half\"><input type=\"text\" id=\"wpforms-805-field_3\" class=\"wpforms-field-name-first wpforms-field-required\" name=\"wpforms[fields][3][first]\" aria-errormessage=\"wpforms-805-field_3-error\" required><label for=\"wpforms-805-field_3\" class=\"wpforms-field-sublabel after\">Pierwszy<\/label><\/div><div class=\"wpforms-field-row-block wpforms-one-half\"><input type=\"text\" id=\"wpforms-805-field_3-last\" class=\"wpforms-field-name-last wpforms-field-required\" name=\"wpforms[fields][3][last]\" aria-errormessage=\"wpforms-805-field_3-last-error\" required><label for=\"wpforms-805-field_3-last\" class=\"wpforms-field-sublabel after\">Ostatni<\/label><\/div><\/div><\/fieldset><\/div><div id=\"wpforms-805-field_4-container\" class=\"wpforms-field wpforms-field-email\" data-field-id=\"4\"><label class=\"wpforms-field-label\" for=\"wpforms-805-field_4\">Adres e-mail <span class=\"wpforms-required-label\" aria-hidden=\"true\">*<\/span><\/label><input type=\"email\" id=\"wpforms-805-field_4\" class=\"wpforms-field-medium wpforms-field-required\" name=\"wpforms[fields][4]\" spellcheck=\"false\" aria-errormessage=\"wpforms-805-field_4-error\" required><\/div>\t\t<div id=\"wpforms-805-field_1-container\"\n\t\t\tclass=\"wpforms-field wpforms-field-text\"\n\t\t\tdata-field-type=\"text\"\n\t\t\tdata-field-id=\"1\"\n\t\t\t>\n\t\t\t<label class=\"wpforms-field-label\" for=\"wpforms-805-field_1\" >Imi\u0119 i Telefon<\/label>\n\t\t\t<input type=\"text\" id=\"wpforms-805-field_1\" class=\"wpforms-field-medium\" name=\"wpforms[fields][1]\" >\n\t\t<\/div>\n\t\t<div id=\"wpforms-805-field_7-container\" class=\"wpforms-field wpforms-field-number\" data-field-id=\"7\"><label class=\"wpforms-field-label\" for=\"wpforms-805-field_7\">Telefon<\/label><input type=\"number\" id=\"wpforms-805-field_7\" class=\"wpforms-field-medium\" name=\"wpforms[fields][7]\" step=\"any\" aria-errormessage=\"wpforms-805-field_7-error\" ><\/div><div id=\"wpforms-805-field_6-container\" class=\"wpforms-field wpforms-field-text\" data-field-id=\"6\"><label class=\"wpforms-field-label\" for=\"wpforms-805-field_6\">Lokalizacja (gmina) <span class=\"wpforms-required-label\" aria-hidden=\"true\">*<\/span><\/label><input type=\"text\" id=\"wpforms-805-field_6\" class=\"wpforms-field-medium wpforms-field-required\" name=\"wpforms[fields][6]\" aria-errormessage=\"wpforms-805-field_6-error\" required><\/div><div id=\"wpforms-805-field_5-container\" class=\"wpforms-field wpforms-field-gdpr-checkbox\" data-field-id=\"5\"><label class=\"wpforms-field-label\">Zgoda RODO <span class=\"wpforms-required-label\" aria-hidden=\"true\">*<\/span><\/label><ul id=\"wpforms-805-field_5\" class=\"wpforms-field-required\"><li class=\"choice-1\"><input type=\"checkbox\" id=\"wpforms-805-field_5_1\" name=\"wpforms[fields][5][]\" value=\"Wyra\u017cam zgod\u0119 na przetwarzanie przez WFO\u015aiGW w Zielonej G\u00f3rze przekazanych przeze mnie powy\u017cej danych, na potrzeby kontaktu w sprawie szkolenia\" aria-errormessage=\"wpforms-805-field_5_1-error\" required ><label class=\"wpforms-field-label-inline\" for=\"wpforms-805-field_5_1\">Wyra\u017cam zgod\u0119 na przetwarzanie przez WFO\u015aiGW w Zielonej G\u00f3rze przekazanych przeze mnie powy\u017cej danych, na potrzeby kontaktu w sprawie szkolenia<\/label><\/li><\/ul><\/div><script>\n\t\t\t\t( function() {\n\t\t\t\t\tconst style = document.createElement( 'style' );\n\t\t\t\t\tstyle.appendChild( document.createTextNode( '#wpforms-805-field_1-container { position: absolute !important; overflow: hidden !important; display: inline !important; height: 1px !important; width: 1px !important; z-index: -1000 !important; padding: 0 !important; } #wpforms-805-field_1-container input { visibility: hidden; } #wpforms-conversational-form-page #wpforms-805-field_1-container label { counter-increment: none; }' ) );\n\t\t\t\t\tdocument.head.appendChild( style );\n\t\t\t\t\tdocument.currentScript?.remove();\n\t\t\t\t} )();\n\t\t\t<\/script><\/div><!-- .wpforms-field-container --><div class=\"wpforms-recaptcha-container wpforms-is-recaptcha wpforms-is-recaptcha-type-invisible\" ><div class=\"g-recaptcha\" data-sitekey=\"6LfKxEIrAAAAAPL709-rae5B8IgjWdloQWt_xklo\" data-size=\"invisible\"><\/div><\/div><div class=\"wpforms-submit-container\" ><input type=\"hidden\" name=\"wpforms[id]\" value=\"805\"><input type=\"hidden\" name=\"page_title\" value=\"\"><input type=\"hidden\" name=\"page_url\" value=\"https:\/\/zde.wfosigw.zgora.pl\/index.php\/wp-json\/wp\/v2\/pages\/824\"><input type=\"hidden\" name=\"url_referer\" value=\"\"><button type=\"submit\" name=\"wpforms[submit]\" id=\"wpforms-submit-805\" class=\"wpforms-submit\" data-alt-text=\"Wysy\u0142anie...\" data-submit-text=\"Prze\u015blij\" aria-live=\"assertive\" value=\"wpforms-submit\">Prze\u015blij<\/button><img loading=\"lazy\" decoding=\"async\" src=\"https:\/\/zde.wfosigw.zgora.pl\/wp-content\/plugins\/wpforms-lite\/assets\/images\/submit-spin.svg\" class=\"wpforms-submit-spinner\" style=\"display: none;\" width=\"26\" height=\"26\" alt=\"Wczytywanie\"><\/div><\/form><\/div>  <!-- .wpforms-container -->\n\n\n<p><strong><strong><u>Rejestracja jest mo\u017cliwa do dnia 11.06.2025 do godziny 10:00<\/u><\/strong><\/strong><\/p>\n\n\n\n<p>Szkolenie realizowane jest w ramach Projektu Doradztwa Energetycznego finansowanego w ramach FEnIKS na lata 2021-2027.<\/p>\n\n\n\n<figure class=\"wp-block-image size-large\"><img loading=\"lazy\" decoding=\"async\" width=\"1024\" height=\"102\" src=\"https:\/\/zde.wfosigw.zgora.pl\/wp-content\/uploads\/2025\/05\/obraz-1024x102.png\" alt=\"\" class=\"wp-image-816\" srcset=\"https:\/\/zde.wfosigw.zgora.pl\/wp-content\/uploads\/2025\/05\/obraz-1024x102.png 1024w, https:\/\/zde.wfosigw.zgora.pl\/wp-content\/uploads\/2025\/05\/obraz-300x30.png 300w, https:\/\/zde.wfosigw.zgora.pl\/wp-content\/uploads\/2025\/05\/obraz-768x77.png 768w, https:\/\/zde.wfosigw.zgora.pl\/wp-content\/uploads\/2025\/05\/obraz.png 1239w\" sizes=\"auto, (max-width: 1024px) 100vw, 1024px\" \/><\/figure>\n\n\n\n<p><\/p>\n","protected":false},"excerpt":{"rendered":"<p>Rejestracja na szkolenie pn.: \u201eFinansowanie inwestycji w zakresie efektywno\u015bci energetycznej i oze \u2013 Program NaszEauto\u201d. Termin szkolenia: 12.06.2025 godzina 10:00. Rejestracja jest mo\u017cliwa do dnia 11.06.2025 do godziny 10:00 Szkolenie realizowane jest w ramach Projektu Doradztwa Energetycznego finansowanego w ramach FEnIKS na lata 2021-2027.<\/p>\n","protected":false},"author":2,"featured_media":0,"parent":0,"menu_order":0,"comment_status":"closed","ping_status":"closed","template":"","meta":{"neve_meta_sidebar":"","neve_meta_container":"","neve_meta_enable_content_width":"","neve_meta_content_width":0,"neve_meta_title_alignment":"","neve_meta_author_avatar":"","neve_post_elements_order":"","neve_meta_disable_header":"","neve_meta_disable_footer":"","neve_meta_disable_title":"","_themeisle_gutenberg_block_has_review":false,"footnotes":""},"class_list":["post-824","page","type-page","status-publish","hentry"],"_links":{"self":[{"href":"https:\/\/zde.wfosigw.zgora.pl\/index.php\/wp-json\/wp\/v2\/pages\/824","targetHints":{"allow":["GET"]}}],"collection":[{"href":"https:\/\/zde.wfosigw.zgora.pl\/index.php\/wp-json\/wp\/v2\/pages"}],"about":[{"href":"https:\/\/zde.wfosigw.zgora.pl\/index.php\/wp-json\/wp\/v2\/types\/page"}],"author":[{"embeddable":true,"href":"https:\/\/zde.wfosigw.zgora.pl\/index.php\/wp-json\/wp\/v2\/users\/2"}],"replies":[{"embeddable":true,"href":"https:\/\/zde.wfosigw.zgora.pl\/index.php\/wp-json\/wp\/v2\/comments?post=824"}],"version-history":[{"count":6,"href":"https:\/\/zde.wfosigw.zgora.pl\/index.php\/wp-json\/wp\/v2\/pages\/824\/revisions"}],"predecessor-version":[{"id":876,"href":"https:\/\/zde.wfosigw.zgora.pl\/index.php\/wp-json\/wp\/v2\/pages\/824\/revisions\/876"}],"wp:attachment":[{"href":"https:\/\/zde.wfosigw.zgora.pl\/index.php\/wp-json\/wp\/v2\/media?parent=824"}],"curies":[{"name":"wp","href":"https:\/\/api.w.org\/{rel}","templated":true}]}}